{"id":40,"date":"2025-03-03T05:06:18","date_gmt":"2025-03-03T05:06:18","guid":{"rendered":"http:\/\/bydgoszcz-berlin.pl\/?page_id=40"},"modified":"2025-03-03T05:26:44","modified_gmt":"2025-03-03T05:26:44","slug":"start","status":"publish","type":"page","link":"https:\/\/bydgoszcz-berlin.pl\/","title":{"rendered":""},"content":{"rendered":"\n<h2 class=\"wp-block-heading\"><strong>Bydgoszcz [Bromberg] jako 'Klein-Berlin&#8217;, <\/strong><br><strong>Berlin jako dawna stolica.<\/strong><\/h2>\n\n\n\n<p>Projekt &#8222;Bydgoszcz-Berlin&#8221; to prywatna, oddolna, interdyscyplinarna inicjatywa, odwo\u0142uj\u0105ca si\u0119 do wsp\u00f3lnej historii dw\u00f3ch miast. <br><a href=\"http:\/\/bydgoszcz-berlin.pl\/?page_id=8\" data-type=\"page\" data-id=\"8\">Wi\u0119cej na ten temat<\/a>.<\/p>\n\n\n\n<h2 class=\"wp-block-heading\"><strong>Bydgoszcz [Bromberg] als &#8222;Klein-Berlin&#8221;, Berlin als ehemalige Hauptstadt.<\/strong><\/h2>\n\n\n\n<p><em>Das Projekt Bydgoszcz-Berlin ist eine private, basisdemokratische, interdisziplin\u00e4re Initiative, die sich auf die gemeinsame Geschichte der beiden St\u00e4dte bezieht.<\/em><br><em><a href=\"http:\/\/bydgoszcz-berlin.pl\/?page_id=8\" data-type=\"page\" data-id=\"8\">Mehr zum Thema<\/a><\/em>.<\/p>\n","protected":false},"excerpt":{"rendered":"<p>Bydgoszcz [Bromberg] jako 'Klein-Berlin&#8217;, Berlin jako dawna stolica. Projekt &#8222;Bydgoszcz-Berlin&#8221; to prywatna, oddolna, interdyscyplinarna inicjatywa, odwo\u0142uj\u0105ca si\u0119 do wsp\u00f3lnej historii dw\u00f3ch miast. Wi\u0119cej na ten temat. Bydgoszcz [Bromberg] als &#8222;Klein-Berlin&#8221;, Berlin als ehemalige Hauptstadt. Das Projekt Bydgoszcz-Berlin ist eine private, basisdemokratische, interdisziplin\u00e4re Initiative, die sich auf die gemeinsame Geschichte der beiden St\u00e4dte bezieht.Mehr zum Thema.<\/p>\n","protected":false},"author":1,"featured_media":0,"parent":0,"menu_order":0,"comment_status":"closed","ping_status":"closed","template":"","meta":{"footnotes":""},"class_list":["post-40","page","type-page","status-publish","hentry"],"_links":{"self":[{"href":"https:\/\/bydgoszcz-berlin.pl\/index.php?rest_route=\/wp\/v2\/pages\/40","targetHints":{"allow":["GET"]}}],"collection":[{"href":"https:\/\/bydgoszcz-berlin.pl\/index.php?rest_route=\/wp\/v2\/pages"}],"about":[{"href":"https:\/\/bydgoszcz-berlin.pl\/index.php?rest_route=\/wp\/v2\/types\/page"}],"author":[{"embeddable":true,"href":"https:\/\/bydgoszcz-berlin.pl\/index.php?rest_route=\/wp\/v2\/users\/1"}],"replies":[{"embeddable":true,"href":"https:\/\/bydgoszcz-berlin.pl\/index.php?rest_route=%2Fwp%2Fv2%2Fcomments&post=40"}],"version-history":[{"count":6,"href":"https:\/\/bydgoszcz-berlin.pl\/index.php?rest_route=\/wp\/v2\/pages\/40\/revisions"}],"predecessor-version":[{"id":57,"href":"https:\/\/bydgoszcz-berlin.pl\/index.php?rest_route=\/wp\/v2\/pages\/40\/revisions\/57"}],"wp:attachment":[{"href":"https:\/\/bydgoszcz-berlin.pl\/index.php?rest_route=%2Fwp%2Fv2%2Fmedia&parent=40"}],"curies":[{"name":"wp","href":"https:\/\/api.w.org\/{rel}","templated":true}]}}