{"id":8,"date":"2025-03-02T20:21:15","date_gmt":"2025-03-02T20:21:15","guid":{"rendered":"http:\/\/bydgoszcz-berlin.pl\/?page_id=8"},"modified":"2025-03-03T05:44:34","modified_gmt":"2025-03-03T05:44:34","slug":"informacje","status":"publish","type":"page","link":"https:\/\/bydgoszcz-berlin.pl\/?page_id=8","title":{"rendered":"O projekcie \\ Das Projekt"},"content":{"rendered":"\n<p>[<a href=\"#de\" data-type=\"internal\" data-id=\"#de\">wersja niemiecka \\ deutsche Fassung<\/a>]<\/p>\n\n\n\n<p>Projekt &#8222;Bydgoszcz-Berlin&#8221; to prywatna, oddolna, interdyscyplinarna inicjatywa, odwo\u0142uj\u0105ca si\u0119 do wsp\u00f3lnej historii dw\u00f3ch miast.<br>Jest to opowie\u015b\u0107, punkt wyj\u015bcia do dyskusji o dw\u00f3ch miastach. Ma na celu popularyzacj\u0119 wiedzy, tworzenie gruntu dla przysz\u0142ych dzia\u0142a\u0144, jak teksty, wydawnictwa, wystawy i wydarzenia.<br>Projekt ma przys\u0142u\u017cy\u0107 si\u0119 do budowania relacji bydgosko-berli\u0144skich czy polsko-niemieckich.<\/p>\n\n\n\n<h2 class=\"wp-block-heading\"><strong>Przypadek mniejszego miasta orbituj\u0105cego wok\u00f3\u0142 miasta wi\u0119kszego \u2014 stolicy.<\/strong><\/h2>\n\n\n\n<p>Bydgoszcz [Bromberg] w latach 1772-1920 (z wy\u0142\u0105czeniem 1806-1815) znajdowa\u0142a si\u0119 pod kontrol\u0105 Prus oraz Cesarstwa Niemieckiego. Niemieccy mieszka\u0144cy Bydgoszczy postrzegali swoje miasto jako \u201eMa\u0142y Berlin\u201d [\u201eKlein-Berlin&#8221;]. Pejza\u017c miejski nawi\u0105zywa\u0142 m.in. do architektury \u00f3wczesnego Berlina. W literaturze pojawia si\u0119 okre\u015blenie 'Klein-Berlin&#8217;; w jednym miejscu mowa jest tak\u017ce: <\/p>\n\n\n\n<blockquote class=\"wp-block-quote is-layout-flow wp-block-quote-is-layout-flow\">\n<p><em>Bromberg, kt\u00f3ry w tym czasie by\u0142 r\u00f3wnie\u017c okre\u015blany jako przedmie\u015bcie Berlina lub Ma\u0142y Berlin.<\/em><\/p>\n<\/blockquote>\n\n\n\n<p>W tym czasie faktycznie mia\u0142o miejsce wiele podobie\u0144stw i nawi\u0105za\u0144 do Berlina, jako punktu odniesienia. Istnia\u0142y silne zwi\u0105zki mi\u0119dzy miastami. Berlin by\u0142 'blisko&#8217; Bydgoszczy; oddzia\u0142ywa\u0142 na ni\u0105; stanowi\u0142 'okno na \u015bwiat&#8217;. W Bydgoszczy por\u00f3wnywano si\u0119 z Berlinem \u2014 tak\u017ce w kontek\u015bcie procesu miastotw\u00f3rczego; imitowano i na\u015bladowano wzorce berli\u0144skie; w Berlinie szukano uznania dla inicjatyw bydgoskich; pr\u00f3bowano 'dor\u00f3wna\u0107&#8217; Berlinowi na pewnych polach.<em> <\/em>W por\u00f3wnaniu z Bydgoszcz\u0105 przedstawiono Berlin jako miasto pot\u0119\u017cne (tak\u017ce pod wzgl\u0119dem wielko\u015bci), ale s\u0142u\u017cy\u0142 Berlin tak\u017ce za przyk\u0142ad negatywny.<\/p>\n\n\n\n<hr class=\"wp-block-separator has-alpha-channel-opacity\"\/>\n\n\n\n<p>Das Projekt Bydgoszcz-Berlin ist eine private, basisdemokratische, interdisziplin\u00e4re Initiative, die sich auf die gemeinsame Geschichte der beiden St\u00e4dte bezieht.<br>Es ist eine Erz\u00e4hlung, ein Ausgangspunkt f\u00fcr Diskussionen \u00fcber die beiden St\u00e4dte. Es zielt darauf ab, Wissen zu verbreiten und den Boden f\u00fcr zuk\u00fcnftige Aktivit\u00e4ten wie Texte, Publikationen, Ausstellungen und Veranstaltungen zu schaffen.<br>Das Projekt soll zum Aufbau der Beziehungen zwischen Bydgoszcz und Berlin bzw. zwischen Polen und Deutschland beitragen.<\/p>\n\n\n\n<h2 class=\"wp-block-heading\"><strong>Bromberg als &#8222;Klein-Berlin&#8221;, Berlin als ehemalige Hauptstadt.<\/strong><\/h2>\n\n\n\n<p>Bydgoszcz [Bromberg] stand von 1772 bis 1920 (au\u00dfer 1806-1815) unter der Kontrolle Preu\u00dfens und des Deutschen Reichs. Die deutschen Einwohner von Bydgoszcz sahen ihre Stadt als &#8222;Klein-Berlin&#8221; an. Das Stadtbild bezog sich u. a. auf die damalige Architektur von Berlin. In der Literatur taucht der Begriff &#8222;Klein-Berlin&#8221; auf; an einer Stelle wird die Stadt auch beschrieben: <\/p>\n\n\n\n<blockquote class=\"wp-block-quote is-layout-flow wp-block-quote-is-layout-flow\">\n<p><em>Bromberg, das damals auch als Vorstadt Berlins oder Klein-Berlin apostrophiert wurde.<\/em><\/p>\n<\/blockquote>\n\n\n\n<p>In der Tat gab es damals viele Parallelen und Verweise auf Berlin als Bezugspunkt. Es gab starke Verbindungen zwischen den beiden St\u00e4dten. Berlin war Bydgoszcz &#8222;nahe&#8221;; Berlin beeinflusste die Stadt; Berlin war ein &#8222;Fenster zur Welt&#8221;. In Bydgoszcz wurden Vergleichem Vergleich zu Bromberg als m\u00e4chtige Stadt dargestellt (auch in Bezug auf die Gr\u00f6\u00dfe), aber Berlin wurde auch als Negativbeispiel verwendet.<\/p>\n\n\n\n<p><\/p>\n","protected":false},"excerpt":{"rendered":"<p>[wersja niemiecka \\ deutsche Fassung] Projekt &#8222;Bydgoszcz-Berlin&#8221; to prywatna, oddolna, interdyscyplinarna inicjatywa, odwo\u0142uj\u0105ca si\u0119 do wsp\u00f3lnej historii dw\u00f3ch miast.Jest to opowie\u015b\u0107, punkt wyj\u015bcia do dyskusji o dw\u00f3ch miastach. Ma na celu popularyzacj\u0119 wiedzy, tworzenie gruntu dla przysz\u0142ych dzia\u0142a\u0144, jak teksty, wydawnictwa, wystawy i wydarzenia.Projekt ma przys\u0142u\u017cy\u0107 si\u0119 do budowania relacji bydgosko-berli\u0144skich czy polsko-niemieckich. Przypadek mniejszego [&hellip;]<\/p>\n","protected":false},"author":1,"featured_media":0,"parent":0,"menu_order":0,"comment_status":"closed","ping_status":"closed","template":"","meta":{"footnotes":""},"class_list":["post-8","page","type-page","status-publish","hentry"],"_links":{"self":[{"href":"https:\/\/bydgoszcz-berlin.pl\/index.php?rest_route=\/wp\/v2\/pages\/8","targetHints":{"allow":["GET"]}}],"collection":[{"href":"https:\/\/bydgoszcz-berlin.pl\/index.php?rest_route=\/wp\/v2\/pages"}],"about":[{"href":"https:\/\/bydgoszcz-berlin.pl\/index.php?rest_route=\/wp\/v2\/types\/page"}],"author":[{"embeddable":true,"href":"https:\/\/bydgoszcz-berlin.pl\/index.php?rest_route=\/wp\/v2\/users\/1"}],"replies":[{"embeddable":true,"href":"https:\/\/bydgoszcz-berlin.pl\/index.php?rest_route=%2Fwp%2Fv2%2Fcomments&post=8"}],"version-history":[{"count":16,"href":"https:\/\/bydgoszcz-berlin.pl\/index.php?rest_route=\/wp\/v2\/pages\/8\/revisions"}],"predecessor-version":[{"id":70,"href":"https:\/\/bydgoszcz-berlin.pl\/index.php?rest_route=\/wp\/v2\/pages\/8\/revisions\/70"}],"wp:attachment":[{"href":"https:\/\/bydgoszcz-berlin.pl\/index.php?rest_route=%2Fwp%2Fv2%2Fmedia&parent=8"}],"curies":[{"name":"wp","href":"https:\/\/api.w.org\/{rel}","templated":true}]}}