{"id":9,"date":"2025-03-02T20:21:15","date_gmt":"2025-03-02T20:21:15","guid":{"rendered":"http:\/\/bydgoszcz-berlin.pl\/?page_id=9"},"modified":"2025-03-03T05:08:11","modified_gmt":"2025-03-03T05:08:11","slug":"kontakt","status":"publish","type":"page","link":"https:\/\/bydgoszcz-berlin.pl\/?page_id=9","title":{"rendered":"Kontakt"},"content":{"rendered":"\n<p class=\"has-text-align-center\">Wszelkie uwagi, sugestie, propozycje temat\u00f3w i wsp\u00f3\u0142pracy, materia\u0142y i informacje \u2013 prosz\u0119 przesy\u0142a\u0107 na adres email:<\/p>\n\n\n\n<p class=\"has-text-align-center\"><a href=\"mailto:kontakt@bydgoszcz-berlin.pl\">kontakt@bydgoszcz-berlin.pl<\/a><\/p>\n\n\n\n<p><\/p>\n","protected":false},"excerpt":{"rendered":"<p>Wszelkie uwagi, sugestie, propozycje temat\u00f3w i wsp\u00f3\u0142pracy, materia\u0142y i informacje \u2013 prosz\u0119 przesy\u0142a\u0107 na adres email: kontakt@bydgoszcz-berlin.pl<\/p>\n","protected":false},"author":1,"featured_media":0,"parent":0,"menu_order":0,"comment_status":"closed","ping_status":"closed","template":"","meta":{"footnotes":""},"class_list":["post-9","page","type-page","status-publish","hentry"],"_links":{"self":[{"href":"https:\/\/bydgoszcz-berlin.pl\/index.php?rest_route=\/wp\/v2\/pages\/9","targetHints":{"allow":["GET"]}}],"collection":[{"href":"https:\/\/bydgoszcz-berlin.pl\/index.php?rest_route=\/wp\/v2\/pages"}],"about":[{"href":"https:\/\/bydgoszcz-berlin.pl\/index.php?rest_route=\/wp\/v2\/types\/page"}],"author":[{"embeddable":true,"href":"https:\/\/bydgoszcz-berlin.pl\/index.php?rest_route=\/wp\/v2\/users\/1"}],"replies":[{"embeddable":true,"href":"https:\/\/bydgoszcz-berlin.pl\/index.php?rest_route=%2Fwp%2Fv2%2Fcomments&post=9"}],"version-history":[{"count":4,"href":"https:\/\/bydgoszcz-berlin.pl\/index.php?rest_route=\/wp\/v2\/pages\/9\/revisions"}],"predecessor-version":[{"id":43,"href":"https:\/\/bydgoszcz-berlin.pl\/index.php?rest_route=\/wp\/v2\/pages\/9\/revisions\/43"}],"wp:attachment":[{"href":"https:\/\/bydgoszcz-berlin.pl\/index.php?rest_route=%2Fwp%2Fv2%2Fmedia&parent=9"}],"curies":[{"name":"wp","href":"https:\/\/api.w.org\/{rel}","templated":true}]}}